{"id":530,"date":"2015-12-05T11:49:29","date_gmt":"2015-12-05T09:49:29","guid":{"rendered":"http:\/\/izvelies.eu\/ru\/sakums\/"},"modified":"2017-12-14T16:48:40","modified_gmt":"2017-12-14T14:48:40","slug":"sakums","status":"publish","type":"page","link":"https:\/\/izvelies.eu\/ru\/","title":{"rendered":"Izv\u0113lies &#8212; ru"},"content":{"rendered":"","protected":false},"excerpt":{"rendered":"","protected":false},"author":1,"featured_media":0,"parent":0,"menu_order":0,"comment_status":"closed","ping_status":"closed","template":"page-valenti-builder.php","meta":{"footnotes":""},"yoast_head":"<!-- This site is optimized with the Yoast SEO plugin v21.6 - https:\/\/yoast.com\/wordpress\/plugins\/seo\/ -->\n<title>Izv\u0113lies |\u00a0Jaunie\u0161u \u017eurn\u0101ls\u00a0<\/title>\n<meta name=\"description\" content=\"Jaunie\u0161u \u017eurn\u0101ls Izv\u0113lies - iedvesmojo\u0161i st\u0101sti un padomi par izgl\u012bt\u012bbas un darba iesp\u0113j\u0101m, bezmaksas apm\u0101c\u012bb\u0101m un iesp\u0113j\u0101m.\" \/>\n<meta name=\"robots\" content=\"index, follow, max-snippet:-1, max-image-preview:large, max-video-preview:-1\" \/>\n<link rel=\"canonical\" href=\"https:\/\/izvelies.eu\/ru\/\" \/>\n<meta property=\"og:locale\" content=\"ru_RU\" \/>\n<meta property=\"og:type\" content=\"article\" \/>\n<meta property=\"og:title\" content=\"Izv\u0113lies |\u00a0Jaunie\u0161u \u017eurn\u0101ls\u00a0\" \/>\n<meta property=\"og:description\" content=\"Jaunie\u0161u \u017eurn\u0101ls Izv\u0113lies - iedvesmojo\u0161i st\u0101sti un padomi par izgl\u012bt\u012bbas un darba iesp\u0113j\u0101m, bezmaksas apm\u0101c\u012bb\u0101m un iesp\u0113j\u0101m.\" \/>\n<meta property=\"og:url\" content=\"https:\/\/izvelies.eu\/ru\/\" \/>\n<meta property=\"og:site_name\" content=\"Izv\u0113lies.eu\" \/>\n<meta property=\"article:modified_time\" content=\"2017-12-14T14:48:40+00:00\" \/>\n<meta name=\"twitter:card\" content=\"summary_large_image\" \/>\n<script type=\"application\/ld+json\" class=\"yoast-schema-graph\">{\"@context\":\"https:\/\/schema.org\",\"@graph\":[{\"@type\":\"WebPage\",\"@id\":\"https:\/\/izvelies.eu\/ru\/\",\"url\":\"https:\/\/izvelies.eu\/ru\/\",\"name\":\"Izv\u0113lies |\u00a0Jaunie\u0161u \u017eurn\u0101ls\u00a0\",\"isPartOf\":{\"@id\":\"https:\/\/izvelies.eu\/#website\"},\"datePublished\":\"2015-12-05T09:49:29+00:00\",\"dateModified\":\"2017-12-14T14:48:40+00:00\",\"description\":\"Jaunie\u0161u \u017eurn\u0101ls Izv\u0113lies - iedvesmojo\u0161i st\u0101sti un padomi par izgl\u012bt\u012bbas un darba iesp\u0113j\u0101m, bezmaksas apm\u0101c\u012bb\u0101m un iesp\u0113j\u0101m.\",\"breadcrumb\":{\"@id\":\"https:\/\/izvelies.eu\/ru\/#breadcrumb\"},\"inLanguage\":\"ru-RU\",\"potentialAction\":[{\"@type\":\"ReadAction\",\"target\":[\"https:\/\/izvelies.eu\/ru\/\"]}]},{\"@type\":\"BreadcrumbList\",\"@id\":\"https:\/\/izvelies.eu\/ru\/#breadcrumb\",\"itemListElement\":[{\"@type\":\"ListItem\",\"position\":1,\"name\":\"Home\",\"item\":\"https:\/\/izvelies.eu\/ru\/\"},{\"@type\":\"ListItem\",\"position\":2,\"name\":\"Izv\u0113lies &#8212; ru\"}]},{\"@type\":\"WebSite\",\"@id\":\"https:\/\/izvelies.eu\/#website\",\"url\":\"https:\/\/izvelies.eu\/\",\"name\":\"Izv\u0113lies.eu\",\"description\":\"Izv\u0113lies.eu\",\"publisher\":{\"@id\":\"https:\/\/izvelies.eu\/#organization\"},\"potentialAction\":[{\"@type\":\"SearchAction\",\"target\":{\"@type\":\"EntryPoint\",\"urlTemplate\":\"https:\/\/izvelies.eu\/?s={search_term_string}\"},\"query-input\":\"required name=search_term_string\"}],\"inLanguage\":\"ru-RU\"},{\"@type\":\"Organization\",\"@id\":\"https:\/\/izvelies.eu\/#organization\",\"name\":\"Izv\u0113lies.eu\",\"url\":\"https:\/\/izvelies.eu\/\",\"logo\":{\"@type\":\"ImageObject\",\"inLanguage\":\"ru-RU\",\"@id\":\"https:\/\/izvelies.eu\/#\/schema\/logo\/image\/\",\"url\":\"https:\/\/izvelies.eu\/wp-content\/uploads\/2015\/11\/logo.jpg\",\"contentUrl\":\"https:\/\/izvelies.eu\/wp-content\/uploads\/2015\/11\/logo.jpg\",\"width\":140,\"height\":140,\"caption\":\"Izv\u0113lies.eu\"},\"image\":{\"@id\":\"https:\/\/izvelies.eu\/#\/schema\/logo\/image\/\"}}]}<\/script>\n<!-- \/ Yoast SEO plugin. -->","yoast_head_json":{"title":"Izv\u0113lies |\u00a0Jaunie\u0161u \u017eurn\u0101ls\u00a0","description":"Jaunie\u0161u \u017eurn\u0101ls Izv\u0113lies - iedvesmojo\u0161i st\u0101sti un padomi par izgl\u012bt\u012bbas un darba iesp\u0113j\u0101m, bezmaksas apm\u0101c\u012bb\u0101m un iesp\u0113j\u0101m.","robots":{"index":"index","follow":"follow","max-snippet":"max-snippet:-1","max-image-preview":"max-image-preview:large","max-video-preview":"max-video-preview:-1"},"canonical":"https:\/\/izvelies.eu\/ru\/","og_locale":"ru_RU","og_type":"article","og_title":"Izv\u0113lies |\u00a0Jaunie\u0161u \u017eurn\u0101ls\u00a0","og_description":"Jaunie\u0161u \u017eurn\u0101ls Izv\u0113lies - iedvesmojo\u0161i st\u0101sti un padomi par izgl\u012bt\u012bbas un darba iesp\u0113j\u0101m, bezmaksas apm\u0101c\u012bb\u0101m un iesp\u0113j\u0101m.","og_url":"https:\/\/izvelies.eu\/ru\/","og_site_name":"Izv\u0113lies.eu","article_modified_time":"2017-12-14T14:48:40+00:00","twitter_card":"summary_large_image","schema":{"@context":"https:\/\/schema.org","@graph":[{"@type":"WebPage","@id":"https:\/\/izvelies.eu\/ru\/","url":"https:\/\/izvelies.eu\/ru\/","name":"Izv\u0113lies |\u00a0Jaunie\u0161u \u017eurn\u0101ls\u00a0","isPartOf":{"@id":"https:\/\/izvelies.eu\/#website"},"datePublished":"2015-12-05T09:49:29+00:00","dateModified":"2017-12-14T14:48:40+00:00","description":"Jaunie\u0161u \u017eurn\u0101ls Izv\u0113lies - iedvesmojo\u0161i st\u0101sti un padomi par izgl\u012bt\u012bbas un darba iesp\u0113j\u0101m, bezmaksas apm\u0101c\u012bb\u0101m un iesp\u0113j\u0101m.","breadcrumb":{"@id":"https:\/\/izvelies.eu\/ru\/#breadcrumb"},"inLanguage":"ru-RU","potentialAction":[{"@type":"ReadAction","target":["https:\/\/izvelies.eu\/ru\/"]}]},{"@type":"BreadcrumbList","@id":"https:\/\/izvelies.eu\/ru\/#breadcrumb","itemListElement":[{"@type":"ListItem","position":1,"name":"Home","item":"https:\/\/izvelies.eu\/ru\/"},{"@type":"ListItem","position":2,"name":"Izv\u0113lies &#8212; ru"}]},{"@type":"WebSite","@id":"https:\/\/izvelies.eu\/#website","url":"https:\/\/izvelies.eu\/","name":"Izv\u0113lies.eu","description":"Izv\u0113lies.eu","publisher":{"@id":"https:\/\/izvelies.eu\/#organization"},"potentialAction":[{"@type":"SearchAction","target":{"@type":"EntryPoint","urlTemplate":"https:\/\/izvelies.eu\/?s={search_term_string}"},"query-input":"required name=search_term_string"}],"inLanguage":"ru-RU"},{"@type":"Organization","@id":"https:\/\/izvelies.eu\/#organization","name":"Izv\u0113lies.eu","url":"https:\/\/izvelies.eu\/","logo":{"@type":"ImageObject","inLanguage":"ru-RU","@id":"https:\/\/izvelies.eu\/#\/schema\/logo\/image\/","url":"https:\/\/izvelies.eu\/wp-content\/uploads\/2015\/11\/logo.jpg","contentUrl":"https:\/\/izvelies.eu\/wp-content\/uploads\/2015\/11\/logo.jpg","width":140,"height":140,"caption":"Izv\u0113lies.eu"},"image":{"@id":"https:\/\/izvelies.eu\/#\/schema\/logo\/image\/"}}]}},"_links":{"self":[{"href":"https:\/\/izvelies.eu\/ru\/wp-json\/wp\/v2\/pages\/530"}],"collection":[{"href":"https:\/\/izvelies.eu\/ru\/wp-json\/wp\/v2\/pages"}],"about":[{"href":"https:\/\/izvelies.eu\/ru\/wp-json\/wp\/v2\/types\/page"}],"author":[{"embeddable":true,"href":"https:\/\/izvelies.eu\/ru\/wp-json\/wp\/v2\/users\/1"}],"replies":[{"embeddable":true,"href":"https:\/\/izvelies.eu\/ru\/wp-json\/wp\/v2\/comments?post=530"}],"version-history":[{"count":3,"href":"https:\/\/izvelies.eu\/ru\/wp-json\/wp\/v2\/pages\/530\/revisions"}],"predecessor-version":[{"id":5338,"href":"https:\/\/izvelies.eu\/ru\/wp-json\/wp\/v2\/pages\/530\/revisions\/5338"}],"wp:attachment":[{"href":"https:\/\/izvelies.eu\/ru\/wp-json\/wp\/v2\/media?parent=530"}],"curies":[{"name":"wp","href":"https:\/\/api.w.org\/{rel}","templated":true}]}}